{"id":2334,"date":"2024-09-29T09:17:42","date_gmt":"2024-09-29T09:17:42","guid":{"rendered":"https:\/\/vnsfemaleassociation.org\/?page_id=2334"},"modified":"2025-10-26T12:35:57","modified_gmt":"2025-10-26T12:35:57","slug":"literature","status":"publish","type":"page","link":"https:\/\/vnsfemaleassociation.org\/en\/literature\/","title":{"rendered":"Literature"},"content":{"rendered":"<div class=\"wp-block-cover is-light\" style=\"margin-top:-1.7em;min-height:186px;aspect-ratio:unset;\"><img loading=\"lazy\" decoding=\"async\" width=\"1024\" height=\"171\" class=\"wp-block-cover__image-background wp-image-4457 size-large\" alt=\"\" src=\"https:\/\/vnsfemaleassociation.org\/wp-content\/uploads\/2025\/10\/aa4982d3-6f66-46f3-ab3c-fc220d506c37-1024x171.jpg\" data-object-fit=\"cover\" srcset=\"https:\/\/vnsfemaleassociation.org\/wp-content\/uploads\/2025\/10\/aa4982d3-6f66-46f3-ab3c-fc220d506c37-1024x171.jpg 1024w, https:\/\/vnsfemaleassociation.org\/wp-content\/uploads\/2025\/10\/aa4982d3-6f66-46f3-ab3c-fc220d506c37-300x50.jpg 300w, https:\/\/vnsfemaleassociation.org\/wp-content\/uploads\/2025\/10\/aa4982d3-6f66-46f3-ab3c-fc220d506c37-768x128.jpg 768w, https:\/\/vnsfemaleassociation.org\/wp-content\/uploads\/2025\/10\/aa4982d3-6f66-46f3-ab3c-fc220d506c37-18x3.jpg 18w, https:\/\/vnsfemaleassociation.org\/wp-content\/uploads\/2025\/10\/aa4982d3-6f66-46f3-ab3c-fc220d506c37.jpg 1200w\" sizes=\"auto, (max-width: 1024px) 100vw, 1024px\" \/><span aria-hidden=\"true\" class=\"wp-block-cover__background has-background-dim-0 has-background-dim\" style=\"background-color:#d4abca\"><\/span><div class=\"wp-block-cover__inner-container has-global-padding is-layout-constrained wp-block-cover-is-layout-constrained\">\n<h1 class=\"wp-block-heading has-text-align-center has-text-color has-link-color wp-elements-dd8caee02c4d7d34a2b06715629c76eb\" style=\"color:#050038\">WOMEN AND LITERATURE<\/h1>\n<\/div><\/div>\n\n\n\n<div class=\"wp-block-eds-animate-it-block eds-animate-block-save\"><div class=\"eds-animate animated edsanimate-sis-hidden\" data-eds-entry-animation=\"fadeInUp\" data-eds-entry-delay=\"0\" data-eds-entry-duration=\"1\" data-eds-entry-timing=\"linear\" data-eds-exit-animation=\"\" data-eds-exit-delay=\"0\" data-eds-exit-duration=\"0.5\" data-eds-exit-timing=\"linear\" data-eds-repeat-count=\"1\" data-eds-keep=\"yes\" data-eds-animate-on=\"scroll\" data-eds-scroll-offset=\"10\">\n<div class=\"wp-block-columns is-layout-flex wp-container-core-columns-is-layout-514989ed wp-block-columns-is-layout-flex\" style=\"padding-top:var(--wp--preset--spacing--superbspacing-xsmall);padding-right:var(--wp--preset--spacing--superbspacing-xsmall);padding-bottom:var(--wp--preset--spacing--superbspacing-xsmall);padding-left:var(--wp--preset--spacing--superbspacing-xsmall)\">\n<div class=\"wp-block-column has-border-color has-vivid-cyan-blue-border-color is-layout-flow wp-block-column-is-layout-flow\" style=\"padding-top:var(--wp--preset--spacing--superbspacing-xsmall);padding-right:var(--wp--preset--spacing--superbspacing-xsmall);padding-bottom:var(--wp--preset--spacing--superbspacing-xsmall);padding-left:var(--wp--preset--spacing--superbspacing-xsmall)\">\n<div class=\"wp-block-media-text is-stacked-on-mobile\"><figure class=\"wp-block-media-text__media\"><img loading=\"lazy\" decoding=\"async\" width=\"331\" height=\"171\" src=\"https:\/\/vnsfemaleassociation.org\/wp-content\/uploads\/2025\/02\/image-18.jpeg\" alt=\"[TI\u1ebeNG N\u00d3I M\u1edaI L\u1ea0 TRONG TH\u01a0 H\u1ed2 XU\u00c2N H\u01af\u01a0NG] - [THE POWERFUL VOICE IN HO XUAN HUONG'S POEMS]\" class=\"wp-image-2837 size-full\" srcset=\"https:\/\/vnsfemaleassociation.org\/wp-content\/uploads\/2025\/02\/image-18.jpeg 331w, https:\/\/vnsfemaleassociation.org\/wp-content\/uploads\/2025\/02\/image-18-300x155.jpeg 300w\" sizes=\"auto, (max-width: 331px) 100vw, 331px\" \/><\/figure><div class=\"wp-block-media-text__content\">\n<p class=\"has-primary-color has-text-color has-link-color wp-elements-d4610a7dbed22a029aefdb88787b47ec\"><strong>[THE POWERFUL VOICE IN HO XUAN HUONG'S POEMS]<\/strong><\/p>\n\n\n\n<p>Ho Xuan Huong\u2019 voice in her poems was a huge breakthrough. That was evident through the pure Vietnamese language, inspirations from traditional sources, and the metaphors.<\/p>\n\n\n\n<div class=\"wp-block-buttons is-layout-flex wp-block-buttons-is-layout-flex\">\n<div class=\"wp-block-button\"><a class=\"wp-block-button__link has-vivid-cyan-blue-background-color has-background wp-element-button\" href=\"https:\/\/vnsfemaleassociation.org\/vi\/tieng-noi-moi-la-trong-tho-ho-xuan-huong-the-powerful-voice-in-ho-xuan-huongs-poems\/\">read more<\/a><\/div>\n<\/div>\n<\/div><\/div>\n<\/div>\n\n\n\n<div class=\"wp-block-column has-border-color has-vivid-cyan-blue-border-color is-layout-flow wp-block-column-is-layout-flow\" style=\"padding-top:var(--wp--preset--spacing--superbspacing-xsmall);padding-right:var(--wp--preset--spacing--superbspacing-xsmall);padding-bottom:var(--wp--preset--spacing--superbspacing-xsmall);padding-left:var(--wp--preset--spacing--superbspacing-xsmall)\">\n<div class=\"wp-block-media-text has-media-on-the-right is-stacked-on-mobile\"><div class=\"wp-block-media-text__content\">\n<p class=\"has-primary-color has-text-color has-link-color wp-elements-080a0cad8c9c67bdbcfab46be45e7446\"><strong>[MISS HO\u1ea0N\u2019S TRAGEDIES]<\/strong><\/p>\n\n\n\n<p>After all, we of the modern day can thoroughly understand Nguy\u1ec5n Du\u2019s concerns and receive his message through Ho\u1ea1n Th\u01b0.<\/p>\n\n\n\n<div class=\"wp-block-buttons is-layout-flex wp-block-buttons-is-layout-flex\">\n<div class=\"wp-block-button\"><a class=\"wp-block-button__link has-vivid-cyan-blue-background-color has-background wp-element-button\" href=\"https:\/\/vnsfemaleassociation.org\/vi\/bi-kich-cua-hoan-thu-trong-truyen-kieu-miss-hoans-tragedies\/\">read more<\/a><\/div>\n<\/div>\n<\/div><figure class=\"wp-block-media-text__media\"><img loading=\"lazy\" decoding=\"async\" width=\"331\" height=\"171\" src=\"https:\/\/vnsfemaleassociation.org\/wp-content\/uploads\/2025\/02\/image-19.jpeg\" alt=\"[BI K\u1ecaCH C\u1ee6A HO\u1ea0N TH\u01af TRONG TRUY\u1ec6N KI\u1ec0U] - [MISS HO\u1ea0N\u2019S TRAGEDIES]\" class=\"wp-image-2838 size-full\" srcset=\"https:\/\/vnsfemaleassociation.org\/wp-content\/uploads\/2025\/02\/image-19.jpeg 331w, https:\/\/vnsfemaleassociation.org\/wp-content\/uploads\/2025\/02\/image-19-300x155.jpeg 300w\" sizes=\"auto, (max-width: 331px) 100vw, 331px\" \/><\/figure><\/div>\n<\/div>\n<\/div>\n<\/div><\/div>\n\n\n\n<div class=\"wp-block-eds-animate-it-block eds-animate-block-save\"><div class=\"eds-animate animated edsanimate-sis-hidden\" data-eds-entry-animation=\"fadeInUp\" data-eds-entry-delay=\"0\" data-eds-entry-duration=\"1\" data-eds-entry-timing=\"linear\" data-eds-exit-animation=\"\" data-eds-exit-delay=\"0\" data-eds-exit-duration=\"0.5\" data-eds-exit-timing=\"linear\" data-eds-repeat-count=\"1\" data-eds-keep=\"yes\" data-eds-animate-on=\"scroll\" data-eds-scroll-offset=\"10\">\n<div class=\"wp-block-columns is-layout-flex wp-container-core-columns-is-layout-514989ed wp-block-columns-is-layout-flex\" style=\"padding-top:var(--wp--preset--spacing--superbspacing-xsmall);padding-right:var(--wp--preset--spacing--superbspacing-xsmall);padding-bottom:var(--wp--preset--spacing--superbspacing-xsmall);padding-left:var(--wp--preset--spacing--superbspacing-xsmall)\">\n<div class=\"wp-block-column has-border-color has-vivid-cyan-blue-border-color is-layout-flow wp-block-column-is-layout-flow\" style=\"padding-top:var(--wp--preset--spacing--superbspacing-xsmall);padding-right:var(--wp--preset--spacing--superbspacing-xsmall);padding-bottom:var(--wp--preset--spacing--superbspacing-xsmall);padding-left:var(--wp--preset--spacing--superbspacing-xsmall)\">\n<div class=\"wp-block-media-text is-stacked-on-mobile\" style=\"grid-template-columns:41% auto\"><figure class=\"wp-block-media-text__media\"><img loading=\"lazy\" decoding=\"async\" width=\"331\" height=\"171\" src=\"https:\/\/vnsfemaleassociation.org\/wp-content\/uploads\/2025\/02\/image-20.jpeg\" alt=\"[VIRGINIA WOOLF, PH\u1ee4 N\u1eee V\u00c0 V\u0102N H\u1eccC V\u1edaI \u201cC\u0102N PH\u00d2NG RI\u00caNG\u201d]\" class=\"wp-image-2840 size-full\" srcset=\"https:\/\/vnsfemaleassociation.org\/wp-content\/uploads\/2025\/02\/image-20.jpeg 331w, https:\/\/vnsfemaleassociation.org\/wp-content\/uploads\/2025\/02\/image-20-300x155.jpeg 300w\" sizes=\"auto, (max-width: 331px) 100vw, 331px\" \/><\/figure><div class=\"wp-block-media-text__content\">\n<p class=\"has-primary-color has-text-color has-link-color wp-elements-8ce1a5a2e5d3467a23481999ff2def5b\"><strong>[VIRGINIA WOOLF, WOMEN, AND LITERATURE IN \"A ROOM OF ONE'S OWN\"]<\/strong><\/p>\n\n\n\n<p>The book has lain dust-covered on the shelf for a long time. Rarely do I revisit Virginia Woolf\u2019s \u2018A Room of One\u2019s Own,\u2019 but each reading still evokes the same sentiment - that these lines are not merely about feminism or gender inequality. Furthermore, Woolf also discusses literature in \u2018A Room of One\u2019s Own.\u2019 But why specifically a \u2018room of one\u2019s own\u2019? Why did Virginia so adamantly assert that \u2018a woman needs money and a room of her own to write\u2019? The mystery unfolds a new dimension of unresolved questions. Indeed, it gives us much to explore in this article, so dear readers, find your own \u2018room\u2019 so we can ponder together!<\/p>\n\n\n\n<div class=\"wp-block-buttons is-layout-flex wp-block-buttons-is-layout-flex\">\n<div class=\"wp-block-button\"><a class=\"wp-block-button__link has-vivid-cyan-blue-background-color has-background wp-element-button\" href=\"https:\/\/vnsfemaleassociation.org\/vi\/virginia-woolf-phu-nu-va-van-hoc-voi-can-phong-rieng\/\">read more<\/a><\/div>\n<\/div>\n<\/div><\/div>\n<\/div>\n\n\n\n<div class=\"wp-block-column has-border-color has-vivid-cyan-blue-border-color is-layout-flow wp-block-column-is-layout-flow\" style=\"padding-top:var(--wp--preset--spacing--superbspacing-xsmall);padding-right:var(--wp--preset--spacing--superbspacing-xsmall);padding-bottom:var(--wp--preset--spacing--superbspacing-xsmall);padding-left:var(--wp--preset--spacing--superbspacing-xsmall)\">\n<div class=\"wp-block-media-text has-media-on-the-right is-stacked-on-mobile\"><div class=\"wp-block-media-text__content\">\n<p class=\"has-primary-color has-text-color has-link-color wp-elements-a3a60970e7107364abc2e2148b625c88\"><strong>[WHEN THE QUEST NO LONGER RESIDES WITHIN PAGES OF BOOKS]<\/strong><\/p>\n\n\n\n<p>Appearing in the form and essence of a fictional character in the namesake novel by the literary genius - Lev Tolstoy, one might wonder, does Anna Karenina only exist within the realm of printed pages, or has the story of her life transcended the fiction-reality boundary and become a resolute voice in a society filled with prejudices against women?<\/p>\n\n\n\n<div class=\"wp-block-buttons is-layout-flex wp-block-buttons-is-layout-flex\">\n<div class=\"wp-block-button\"><a class=\"wp-block-button__link has-vivid-cyan-blue-background-color has-background wp-element-button\" href=\"https:\/\/vnsfemaleassociation.org\/vi\/anna-karenina-khi-cuoc-truy-tim-khong-con-nam-tren-nhung-trang-sach-when-the-quest-no-longer-resides-within-pages-of-books-2\/\">read more<\/a><\/div>\n<\/div>\n<\/div><figure class=\"wp-block-media-text__media\"><img loading=\"lazy\" decoding=\"async\" width=\"1024\" height=\"683\" src=\"https:\/\/vnsfemaleassociation.org\/wp-content\/uploads\/2025\/07\/nghe-doc-truyen-dem-khuya-tieu-thuyet-Anna-Karenina-radio-online.jpg\" alt=\"\" class=\"wp-image-4107 size-full\" srcset=\"https:\/\/vnsfemaleassociation.org\/wp-content\/uploads\/2025\/07\/nghe-doc-truyen-dem-khuya-tieu-thuyet-Anna-Karenina-radio-online.jpg 1024w, https:\/\/vnsfemaleassociation.org\/wp-content\/uploads\/2025\/07\/nghe-doc-truyen-dem-khuya-tieu-thuyet-Anna-Karenina-radio-online-300x200.jpg 300w, https:\/\/vnsfemaleassociation.org\/wp-content\/uploads\/2025\/07\/nghe-doc-truyen-dem-khuya-tieu-thuyet-Anna-Karenina-radio-online-768x512.jpg 768w, https:\/\/vnsfemaleassociation.org\/wp-content\/uploads\/2025\/07\/nghe-doc-truyen-dem-khuya-tieu-thuyet-Anna-Karenina-radio-online-18x12.jpg 18w\" sizes=\"auto, (max-width: 1024px) 100vw, 1024px\" \/><\/figure><\/div>\n<\/div>\n<\/div>\n<\/div><\/div>\n\n\n\n<div class=\"wp-block-eds-animate-it-block eds-animate-block-save\"><div class=\"eds-animate animated edsanimate-sis-hidden\" data-eds-entry-animation=\"fadeInUp\" data-eds-entry-delay=\"0\" data-eds-entry-duration=\"1\" data-eds-entry-timing=\"linear\" data-eds-exit-animation=\"\" data-eds-exit-delay=\"0\" data-eds-exit-duration=\"0.5\" data-eds-exit-timing=\"linear\" data-eds-repeat-count=\"1\" data-eds-keep=\"yes\" data-eds-animate-on=\"scroll\" data-eds-scroll-offset=\"10\">\n<div class=\"wp-block-columns is-layout-flex wp-container-core-columns-is-layout-514989ed wp-block-columns-is-layout-flex\" style=\"padding-top:var(--wp--preset--spacing--superbspacing-xsmall);padding-right:var(--wp--preset--spacing--superbspacing-xsmall);padding-bottom:var(--wp--preset--spacing--superbspacing-xsmall);padding-left:var(--wp--preset--spacing--superbspacing-xsmall)\">\n<div class=\"wp-block-column has-border-color has-vivid-cyan-blue-border-color is-layout-flow wp-block-column-is-layout-flow\" style=\"padding-top:var(--wp--preset--spacing--superbspacing-xsmall);padding-right:var(--wp--preset--spacing--superbspacing-xsmall);padding-bottom:var(--wp--preset--spacing--superbspacing-xsmall);padding-left:var(--wp--preset--spacing--superbspacing-xsmall)\">\n<div class=\"wp-block-media-text is-stacked-on-mobile\"><figure class=\"wp-block-media-text__media\"><img loading=\"lazy\" decoding=\"async\" width=\"331\" height=\"171\" src=\"https:\/\/vnsfemaleassociation.org\/wp-content\/uploads\/2025\/02\/image-23.jpeg\" alt=\"[SUY T\u01af C\u1ee6A NG\u01af\u1edcI PH\u1ee4 N\u1eee V\u1ec0 CHI\u1ebeN TRANH TRONG V\u0102N H\u1eccC] - [THE FEMALE GAZE ON WAR]\" class=\"wp-image-2845 size-full\" srcset=\"https:\/\/vnsfemaleassociation.org\/wp-content\/uploads\/2025\/02\/image-23.jpeg 331w, https:\/\/vnsfemaleassociation.org\/wp-content\/uploads\/2025\/02\/image-23-300x155.jpeg 300w\" sizes=\"auto, (max-width: 331px) 100vw, 331px\" \/><\/figure><div class=\"wp-block-media-text__content\">\n<p class=\"has-primary-color has-text-color has-link-color wp-elements-0c8f68d43364548769d22d674ca3eca1\"><strong>[THE FEMALE GAZE ON WAR]<\/strong><\/p>\n\n\n\n<p>The female gaze on war had truly given us goosebumps, for every sentence they wrote could possibly portray a reality of bloodshed and meaningless war in all perspectives.<\/p>\n\n\n\n<div class=\"wp-block-buttons is-layout-flex wp-block-buttons-is-layout-flex\">\n<div class=\"wp-block-button\"><a class=\"wp-block-button__link has-vivid-cyan-blue-background-color has-background wp-element-button\" href=\"https:\/\/vnsfemaleassociation.org\/vi\/suy-tu-cua-nguoi-phu-nu-ve-chien-tranh-trong-van-hoc-the-female-gaze-on-war\/\">read more<\/a><\/div>\n<\/div>\n<\/div><\/div>\n<\/div>\n\n\n\n<div class=\"wp-block-column has-border-color has-vivid-cyan-blue-border-color is-layout-flow wp-block-column-is-layout-flow\" style=\"padding-top:var(--wp--preset--spacing--superbspacing-xsmall);padding-right:var(--wp--preset--spacing--superbspacing-xsmall);padding-bottom:var(--wp--preset--spacing--superbspacing-xsmall);padding-left:var(--wp--preset--spacing--superbspacing-xsmall)\">\n<div class=\"wp-block-media-text has-media-on-the-right is-stacked-on-mobile\"><div class=\"wp-block-media-text__content\">\n<p class=\"has-primary-color has-text-color has-link-color wp-elements-76936626906202d6684731b283fe79e0\"><strong>[LIFE OF A MERMAID AND THE DEFINITION OF LOVE]<\/strong><\/p>\n\n\n\n<p>We hope every one of us women can become the princess in our very own stories, with no need to depend on anyone.&nbsp;<\/p>\n\n\n\n<div class=\"wp-block-buttons is-layout-flex wp-block-buttons-is-layout-flex\">\n<div class=\"wp-block-button\"><a class=\"wp-block-button__link has-vivid-cyan-blue-background-color has-background wp-element-button\" href=\"https:\/\/vnsfemaleassociation.org\/en\/cuoc-doi-cua-nang-tien-ca-va-quan-niem-ve-tinh-yeu-life-of-a-mermaid-and-the-definition-of-love\/\">read more<\/a><\/div>\n<\/div>\n<\/div><figure class=\"wp-block-media-text__media\"><img loading=\"lazy\" decoding=\"async\" width=\"331\" height=\"171\" src=\"https:\/\/vnsfemaleassociation.org\/wp-content\/uploads\/2025\/02\/image-22.jpeg\" alt=\"[CU\u1ed8C \u0110\u1edcI C\u1ee6A N\u00c0NG TI\u00caN C\u00c1 V\u00c0 QUAN NI\u1ec6M V\u1ec0 T\u00ccNH Y\u00caU] - [LIFE OF A MERMAID AND THE DEFINITION OF LOVE]\" class=\"wp-image-2844 size-full\" srcset=\"https:\/\/vnsfemaleassociation.org\/wp-content\/uploads\/2025\/02\/image-22.jpeg 331w, https:\/\/vnsfemaleassociation.org\/wp-content\/uploads\/2025\/02\/image-22-300x155.jpeg 300w\" sizes=\"auto, (max-width: 331px) 100vw, 331px\" \/><\/figure><\/div>\n<\/div>\n<\/div>\n<\/div><\/div>\n\n\n\n<div class=\"wp-block-eds-animate-it-block eds-animate-block-save\"><div class=\"eds-animate animated edsanimate-sis-hidden\" data-eds-entry-animation=\"fadeInUp\" data-eds-entry-delay=\"0\" data-eds-entry-duration=\"1\" data-eds-entry-timing=\"linear\" data-eds-exit-animation=\"\" data-eds-exit-delay=\"0\" data-eds-exit-duration=\"0.5\" data-eds-exit-timing=\"linear\" data-eds-repeat-count=\"1\" data-eds-keep=\"yes\" data-eds-animate-on=\"scroll\" data-eds-scroll-offset=\"10\">\n<div class=\"wp-block-columns is-layout-flex wp-container-core-columns-is-layout-514989ed wp-block-columns-is-layout-flex\" style=\"padding-top:var(--wp--preset--spacing--superbspacing-xsmall);padding-right:var(--wp--preset--spacing--superbspacing-xsmall);padding-bottom:var(--wp--preset--spacing--superbspacing-xsmall);padding-left:var(--wp--preset--spacing--superbspacing-xsmall)\">\n<div class=\"wp-block-column has-border-color has-vivid-cyan-blue-border-color is-layout-flow wp-block-column-is-layout-flow\" style=\"padding-top:var(--wp--preset--spacing--superbspacing-xsmall);padding-right:var(--wp--preset--spacing--superbspacing-xsmall);padding-bottom:var(--wp--preset--spacing--superbspacing-xsmall);padding-left:var(--wp--preset--spacing--superbspacing-xsmall)\">\n<div class=\"wp-block-media-text is-stacked-on-mobile\"><figure class=\"wp-block-media-text__media\"><img loading=\"lazy\" decoding=\"async\" width=\"331\" height=\"171\" src=\"https:\/\/vnsfemaleassociation.org\/wp-content\/uploads\/2025\/02\/image.webp\" alt=\"[SCARLETT O'HARA - H\u01a0N 80 N\u0102M, LU\u1ed2NG GI\u00d3 V\u1eaaN TH\u1ed4I - FOR OVER 80 YEARS, THE WIND STILL PERSISTS]\" class=\"wp-image-2843 size-full\" srcset=\"https:\/\/vnsfemaleassociation.org\/wp-content\/uploads\/2025\/02\/image.webp 331w, https:\/\/vnsfemaleassociation.org\/wp-content\/uploads\/2025\/02\/image-300x155.webp 300w\" sizes=\"auto, (max-width: 331px) 100vw, 331px\" \/><\/figure><div class=\"wp-block-media-text__content\">\n<p class=\"has-primary-color has-text-color has-link-color wp-elements-f985b60522c92023556eb1ddd5bf110d\"><strong>[FOR OVER 80 YEARS, THE WIND STILL PERSISTS]<\/strong><\/p>\n\n\n\n<p>Emerging within the classic literature tapestry set in Georgia and Atlanta, Southern United States, during the Civil War era and Reconstruction period, Scarlett O\u2019Hara came to light as a delicate yet proud flower blooming among the masses within the pages of the timeless novel \"Gone with the Wind\" by Margaret Mitchell. Scarlett starkly contrasts with the conventional perceptions of femininity of her era. She refuses to conform and defies societal mores of her time, rather, she embodies a breath of fresh air, a modern force willing to express herself, to live true to her thoughts and love aspirations, and above all, she has the nerve to rise and shatter the gender divide - that supposed unassailable stronghold of the contemporary society.<\/p>\n\n\n\n<div class=\"wp-block-buttons is-layout-flex wp-block-buttons-is-layout-flex\">\n<div class=\"wp-block-button\"><a class=\"wp-block-button__link has-vivid-cyan-blue-background-color has-background wp-element-button\" href=\"https:\/\/vnsfemaleassociation.org\/en\/scarlett-ohara-hon-80-nam-luong-gio-van-thoi-for-over-80-years-the-wind-still-persists\/\">read more<\/a><\/div>\n<\/div>\n<\/div><\/div>\n<\/div>\n\n\n\n<div class=\"wp-block-column has-border-color has-vivid-cyan-blue-border-color is-layout-flow wp-block-column-is-layout-flow\" style=\"padding-top:var(--wp--preset--spacing--superbspacing-xsmall);padding-right:var(--wp--preset--spacing--superbspacing-xsmall);padding-bottom:var(--wp--preset--spacing--superbspacing-xsmall);padding-left:var(--wp--preset--spacing--superbspacing-xsmall)\">\n<div class=\"wp-block-media-text has-media-on-the-right is-stacked-on-mobile\"><div class=\"wp-block-media-text__content\">\n<p class=\"has-primary-color has-text-color has-link-color wp-elements-958c9fcfd2f519bb583ca91b06e20317\"><strong>[THE TRAILBLAZER OF WOMEN\u2019S RIGHT MOVEMENTS IN THE EARLY 20TH]<\/strong><\/p>\n\n\n\n<p>Madam Manh Manh \u2013 a writer\/ journalist on her journey standing up for justices and eliminating prejudices for women of her time \u2013 raised her voice in fervent support of women\u2019s rights: \"<em>Innovative women are the new ones who follow social trends and the contemporary civilized era<\/em>\" and she \"<em>stood alongside men, seeking equal value as human beings in society<\/em>\". Through every page of her books and her resolute words, she not only portrayed the essence of women's souls but also played a significant role in raising social awareness about the women's rights movement, gender equality, and the eradication of long-held prejudices imposed upon women throughout generations. So, what compelled a petite woman to step forward and assertively fight for such causes?<\/p>\n\n\n\n<div class=\"wp-block-buttons is-layout-flex wp-block-buttons-is-layout-flex\">\n<div class=\"wp-block-button\"><a class=\"wp-block-button__link has-vivid-cyan-blue-background-color has-background wp-element-button\" href=\"https:\/\/vnsfemaleassociation.org\/en\/vet-sao-bang-tien-phong-cua-phong-trao-nu-quyen-o-viet-nam-dau-the-ki-2o\/\">read more<\/a><\/div>\n<\/div>\n<\/div><figure class=\"wp-block-media-text__media\"><img loading=\"lazy\" decoding=\"async\" width=\"709\" height=\"1024\" src=\"https:\/\/vnsfemaleassociation.org\/wp-content\/uploads\/2025\/03\/1212-hai-nguoi-phu-nu-02crgrs-709x1024.jpg\" alt=\"\" class=\"wp-image-3625 size-full\"\/><\/figure><\/div>\n<\/div>\n<\/div>\n<\/div><\/div>\n\n\n\n<div class=\"wp-block-eds-animate-it-block eds-animate-block-save\"><div class=\"eds-animate animated edsanimate-sis-hidden\" data-eds-entry-animation=\"fadeInUp\" data-eds-entry-delay=\"0\" data-eds-entry-duration=\"1\" data-eds-entry-timing=\"linear\" data-eds-exit-animation=\"\" data-eds-exit-delay=\"0\" data-eds-exit-duration=\"0.5\" data-eds-exit-timing=\"linear\" data-eds-repeat-count=\"1\" data-eds-keep=\"yes\" data-eds-animate-on=\"scroll\" data-eds-scroll-offset=\"10\">\n<div class=\"wp-block-columns is-layout-flex wp-container-core-columns-is-layout-514989ed wp-block-columns-is-layout-flex\" style=\"padding-top:var(--wp--preset--spacing--superbspacing-xsmall);padding-right:var(--wp--preset--spacing--superbspacing-xsmall);padding-bottom:var(--wp--preset--spacing--superbspacing-xsmall);padding-left:var(--wp--preset--spacing--superbspacing-xsmall)\">\n<div class=\"wp-block-column has-border-color has-vivid-cyan-blue-border-color is-layout-flow wp-block-column-is-layout-flow\" style=\"padding-top:var(--wp--preset--spacing--superbspacing-xsmall);padding-right:var(--wp--preset--spacing--superbspacing-xsmall);padding-bottom:var(--wp--preset--spacing--superbspacing-xsmall);padding-left:var(--wp--preset--spacing--superbspacing-xsmall)\">\n<div class=\"wp-block-media-text is-stacked-on-mobile\"><figure class=\"wp-block-media-text__media\"><img loading=\"lazy\" decoding=\"async\" width=\"780\" height=\"1024\" src=\"https:\/\/vnsfemaleassociation.org\/wp-content\/uploads\/2025\/07\/IMG_4291-780x1024.jpg\" alt=\"\" class=\"wp-image-4045 size-full\" srcset=\"https:\/\/vnsfemaleassociation.org\/wp-content\/uploads\/2025\/07\/IMG_4291-780x1024.jpg 780w, https:\/\/vnsfemaleassociation.org\/wp-content\/uploads\/2025\/07\/IMG_4291-229x300.jpg 229w, https:\/\/vnsfemaleassociation.org\/wp-content\/uploads\/2025\/07\/IMG_4291-768x1008.jpg 768w, https:\/\/vnsfemaleassociation.org\/wp-content\/uploads\/2025\/07\/IMG_4291-1171x1536.jpg 1171w, https:\/\/vnsfemaleassociation.org\/wp-content\/uploads\/2025\/07\/IMG_4291-1561x2048.jpg 1561w, https:\/\/vnsfemaleassociation.org\/wp-content\/uploads\/2025\/07\/IMG_4291-9x12.jpg 9w, https:\/\/vnsfemaleassociation.org\/wp-content\/uploads\/2025\/07\/IMG_4291-scaled.jpg 1951w\" sizes=\"auto, (max-width: 780px) 100vw, 780px\" \/><\/figure><div class=\"wp-block-media-text__content\">\n<p class=\"has-primary-color has-text-color has-link-color wp-elements-7ce033da881429deef5addf1338a3320\"><strong>[BETWEEN \u201cPRIDE AND PREJUDICE\u201d, WOMEN CHOOSE PRIDE]<\/strong><\/p>\n\n\n\n<p>Is there any boundary between \u201cARROGANCE\u201d and \u201cPRIDE\u201d? \u201cArrogance\u201d means being unpleasantly proud and behaving as if one is better than any other, inciting unhealthy comparison with others, pettiness, and also jealousy. Meanwhile, \u201cpride\u201d is an acknowledgement of your inner value and your place in life; it encompasses a sense of self-esteem and, within it, confidence. A proud woman does not need to follow the crowd, is not easily subdued, and does not require any external validation of her dignity. Though written centuries ago in a faraway, misty city, Jane Austen\u2019s novel Pride and Prejudice remains a resounding masterpiece, making us reflect more deeply on the word \u201cpride\u201d with each reading, especially the pride embodied in the image of women.<\/p>\n\n\n\n<div class=\"wp-block-buttons is-layout-flex wp-block-buttons-is-layout-flex\">\n<div class=\"wp-block-button\"><a class=\"wp-block-button__link has-vivid-cyan-blue-background-color has-background wp-element-button\" href=\"https:\/\/vnsfemaleassociation.org\/en\/giua-kieu-hanh-va-dinh-kien-phu-nu-chon-kieu-hanh\/\">read more<\/a><\/div>\n<\/div>\n<\/div><\/div>\n<\/div>\n\n\n\n<div class=\"wp-block-column is-layout-flow wp-block-column-is-layout-flow\"><\/div>\n<\/div>\n<\/div><\/div>","protected":false},"excerpt":{"rendered":"","protected":false},"author":3,"featured_media":0,"parent":0,"menu_order":0,"comment_status":"closed","ping_status":"closed","template":"","meta":{"footnotes":""},"class_list":["post-2334","page","type-page","status-publish","hentry"],"_links":{"self":[{"href":"https:\/\/vnsfemaleassociation.org\/en\/wp-json\/wp\/v2\/pages\/2334","targetHints":{"allow":["GET"]}}],"collection":[{"href":"https:\/\/vnsfemaleassociation.org\/en\/wp-json\/wp\/v2\/pages"}],"about":[{"href":"https:\/\/vnsfemaleassociation.org\/en\/wp-json\/wp\/v2\/types\/page"}],"author":[{"embeddable":true,"href":"https:\/\/vnsfemaleassociation.org\/en\/wp-json\/wp\/v2\/users\/3"}],"replies":[{"embeddable":true,"href":"https:\/\/vnsfemaleassociation.org\/en\/wp-json\/wp\/v2\/comments?post=2334"}],"version-history":[{"count":28,"href":"https:\/\/vnsfemaleassociation.org\/en\/wp-json\/wp\/v2\/pages\/2334\/revisions"}],"predecessor-version":[{"id":4458,"href":"https:\/\/vnsfemaleassociation.org\/en\/wp-json\/wp\/v2\/pages\/2334\/revisions\/4458"}],"wp:attachment":[{"href":"https:\/\/vnsfemaleassociation.org\/en\/wp-json\/wp\/v2\/media?parent=2334"}],"curies":[{"name":"wp","href":"https:\/\/api.w.org\/{rel}","templated":true}]}}