{"id":3071,"date":"2025-02-15T11:07:18","date_gmt":"2025-02-15T11:07:18","guid":{"rendered":"https:\/\/vnsfemaleassociation.org\/?page_id=3071"},"modified":"2025-12-09T09:10:28","modified_gmt":"2025-12-09T09:10:28","slug":"sponsor-draft","status":"publish","type":"page","link":"https:\/\/vnsfemaleassociation.org\/en\/sponsor-draft\/","title":{"rendered":"Achievements"},"content":{"rendered":"<div class=\"kb-row-layout-wrap kb-row-layout-id3071_3ef787-66 alignfull has-theme-palette3-background-color kt-row-has-bg kb-divider-static wp-block-kadence-rowlayout\"><div class=\"kt-row-layout-top-sep kt-row-sep-type-wavesi\"><svg viewbox=\"0 0 1000 100\" preserveaspectratio=\"none\"><path d=\"M0,40c0,0 120.077,-38.076 250,-38c129.923,0.076 345.105,78 500,78c154.895,0 250,-30 250,-30l0,50l-1000,0l0,-60Z\" \/><path d=\"M0,40c0,0 120.077,-38.076 250,-38c129.923,0.076 345.105,73 500,73c154.895,0 250,-45 250,-45l0,70l-1000,0l0,-60Z\" style=\"opacity: 0.4\" \/><path d=\"M0,40c0,0 120.077,-38.076 250,-38c129.923,0.076 345.105,68 500,68c154.895,0 250,-65 250,-65l0,95l-1000,0l0,-60Z\" style=\"opacity: 0.4\" \/><\/svg><\/div><div class=\"kt-row-layout-bottom-sep kt-row-sep-type-crvr\"><svg viewbox=\"0 0 1000 100\" preserveaspectratio=\"none\"><path d=\"M1000,100c0,0 -120.987,-98 -350,-98c-229.013,0 -650,98 -650,98l1000,0Z\" \/><\/svg><\/div><div class=\"kt-row-column-wrap kt-has-2-columns kt-row-layout-equal kt-tab-layout-left-golden kt-mobile-layout-row kt-row-valign-middle kb-theme-content-width\">\n\n<div class=\"wp-block-kadence-column kadence-column3071_5d6e65-d3 inner-column-1\"><div class=\"kt-inside-inner-col\">\n<h1 class=\"kt-adv-heading3071_8d5472-e0 wp-block-kadence-advancedheading\" data-kb-block=\"kb-adv-heading3071_8d5472-e0\">ACHIEVEMENTS<\/h1>\n\n\n\n<p class=\"kt-adv-heading3071_1ce188-e1 wp-block-kadence-advancedheading\" data-kb-block=\"kb-adv-heading3071_1ce188-e1\"><\/p>\n<\/div><\/div>\n\n\n\n<div class=\"wp-block-kadence-column kadence-column3071_236535-75 kvs-sm-false\"><div class=\"kt-inside-inner-col\">\n<div class=\"wp-block-kadence-image kb-image3071_aa34e8-34\"><figure class=\"aligncenter kb-image-is-ratio-size\"><div class=\"kb-is-ratio-image kb-image-ratio-square\"><img decoding=\"async\" width=\"960\" height=\"960\" src=\"https:\/\/vnsfemaleassociation.org\/wp-content\/uploads\/2024\/11\/425023228_255342744262640_998055825767088801_n-1.jpg\" alt=\"\" class=\"kb-img wp-image-2564 skip-lazy kb-skip-lazy\" srcset=\"https:\/\/vnsfemaleassociation.org\/wp-content\/uploads\/2024\/11\/425023228_255342744262640_998055825767088801_n-1.jpg 960w, https:\/\/vnsfemaleassociation.org\/wp-content\/uploads\/2024\/11\/425023228_255342744262640_998055825767088801_n-1-300x300.jpg 300w, https:\/\/vnsfemaleassociation.org\/wp-content\/uploads\/2024\/11\/425023228_255342744262640_998055825767088801_n-1-150x150.jpg 150w, https:\/\/vnsfemaleassociation.org\/wp-content\/uploads\/2024\/11\/425023228_255342744262640_998055825767088801_n-1-768x768.jpg 768w\" sizes=\"(max-width: 960px) 100vw, 960px\" \/><\/div><\/figure><\/div>\n<\/div><\/div>\n\n<\/div><\/div>\n\n<div class=\"kb-row-layout-wrap kb-row-layout-id3071_23ef4d-28 alignfull kt-row-has-bg wp-block-kadence-rowlayout\"><div class=\"kt-row-column-wrap kt-has-2-columns kt-row-layout-equal kt-tab-layout-row kt-mobile-layout-row kt-row-valign-middle kb-theme-content-width\">\n\n<div class=\"wp-block-kadence-column kadence-column3071_305649-4f inner-column-1\"><div class=\"kt-inside-inner-col\">\n<h2 class=\"kt-adv-heading3071_d24fc4-2c wp-block-kadence-advancedheading\" data-kb-block=\"kb-adv-heading3071_d24fc4-2c\">PUBLIC RELATIONS<\/h2>\n\n\n\n<p class=\"kt-adv-heading3071_47dfe5-9f wp-block-kadence-advancedheading\" data-kb-block=\"kb-adv-heading3071_47dfe5-9f\">During its two-year operation, Vietnamese Female Students Association \u2013 High School has built a considerable supportive community. <\/p>\n<\/div><\/div>\n\n\n\n<div class=\"wp-block-kadence-column kadence-column3071_8a0a9e-aa inner-column-2\"><div class=\"kt-inside-inner-col\"><div class=\"kb-row-layout-wrap kb-row-layout-id3071_d15e9d-5b alignnone wp-block-kadence-rowlayout\"><div class=\"kt-row-column-wrap kt-has-3-columns kt-row-layout-equal kt-tab-layout-inherit kt-mobile-layout-row kt-row-valign-top\">\n\n<div class=\"wp-block-kadence-column kadence-column3071_de4fe1-6f inner-column-3\"><div class=\"kt-inside-inner-col\">\n<figure class=\"wp-block-kadence-image kb-image3071_e4d6c2-71 size-large kb-image-is-ratio-size\"><div class=\"kb-is-ratio-image kb-image-ratio-square\"><img loading=\"lazy\" decoding=\"async\" width=\"1024\" height=\"819\" src=\"https:\/\/vnsfemaleassociation.org\/wp-content\/uploads\/2025\/02\/473817634_489115524218693_7891860625682978445_n-1024x819.jpg\" alt=\"\" class=\"kb-img wp-image-3531\" srcset=\"https:\/\/vnsfemaleassociation.org\/wp-content\/uploads\/2025\/02\/473817634_489115524218693_7891860625682978445_n-1024x819.jpg 1024w, https:\/\/vnsfemaleassociation.org\/wp-content\/uploads\/2025\/02\/473817634_489115524218693_7891860625682978445_n-300x240.jpg 300w, https:\/\/vnsfemaleassociation.org\/wp-content\/uploads\/2025\/02\/473817634_489115524218693_7891860625682978445_n-768x614.jpg 768w, https:\/\/vnsfemaleassociation.org\/wp-content\/uploads\/2025\/02\/473817634_489115524218693_7891860625682978445_n-1536x1229.jpg 1536w, https:\/\/vnsfemaleassociation.org\/wp-content\/uploads\/2025\/02\/473817634_489115524218693_7891860625682978445_n-15x12.jpg 15w, https:\/\/vnsfemaleassociation.org\/wp-content\/uploads\/2025\/02\/473817634_489115524218693_7891860625682978445_n.jpg 2048w\" sizes=\"auto, (max-width: 1024px) 100vw, 1024px\" \/><\/div><\/figure>\n\n\n\n<p class=\"kt-adv-heading3071_a0a973-cb wp-block-kadence-advancedheading has-theme-palette-8-color has-text-color has-theme-palette-4-background-color has-background\" data-kb-block=\"kb-adv-heading3071_a0a973-cb\">45k+ followers across Facebook, TikTok, and Instagram<\/p>\n<\/div><\/div>\n\n\n\n<div class=\"wp-block-kadence-column kadence-column3071_34198f-89 inner-column-1\"><div class=\"kt-inside-inner-col\">\n<figure class=\"wp-block-kadence-image kb-image3071_c802e1-14 size-large kb-image-is-ratio-size\"><div class=\"kb-is-ratio-image kb-image-ratio-square\"><img loading=\"lazy\" decoding=\"async\" width=\"576\" height=\"1024\" src=\"https:\/\/vnsfemaleassociation.org\/wp-content\/uploads\/2025\/02\/475114258_490564914073754_7359055442291405704_n-576x1024.jpg\" alt=\"\" class=\"kb-img wp-image-3530\" srcset=\"https:\/\/vnsfemaleassociation.org\/wp-content\/uploads\/2025\/02\/475114258_490564914073754_7359055442291405704_n-576x1024.jpg 576w, https:\/\/vnsfemaleassociation.org\/wp-content\/uploads\/2025\/02\/475114258_490564914073754_7359055442291405704_n-169x300.jpg 169w, https:\/\/vnsfemaleassociation.org\/wp-content\/uploads\/2025\/02\/475114258_490564914073754_7359055442291405704_n-7x12.jpg 7w, https:\/\/vnsfemaleassociation.org\/wp-content\/uploads\/2025\/02\/475114258_490564914073754_7359055442291405704_n.jpg 720w\" sizes=\"auto, (max-width: 576px) 100vw, 576px\" \/><\/div><\/figure>\n\n\n\n<p class=\"kt-adv-heading3071_90047c-5e wp-block-kadence-advancedheading has-theme-palette-8-color has-text-color has-theme-palette-4-background-color has-background\" data-kb-block=\"kb-adv-heading3071_90047c-5e\">3-region Social Ambassador network<\/p>\n<\/div><\/div>\n\n\n\n<div class=\"wp-block-kadence-column kadence-column3071_036b5f-67 inner-column-1\"><div class=\"kt-inside-inner-col\">\n<figure class=\"wp-block-kadence-image kb-image3071_c44a90-7d size-large kb-image-is-ratio-size\"><div class=\"kb-is-ratio-image kb-image-ratio-square\"><img loading=\"lazy\" decoding=\"async\" width=\"1024\" height=\"1024\" src=\"https:\/\/vnsfemaleassociation.org\/wp-content\/uploads\/2025\/02\/474756991_491161340680778_6016545019491282636_n-1024x1024.jpg\" alt=\"\" class=\"kb-img wp-image-3529\" srcset=\"https:\/\/vnsfemaleassociation.org\/wp-content\/uploads\/2025\/02\/474756991_491161340680778_6016545019491282636_n-1024x1024.jpg 1024w, https:\/\/vnsfemaleassociation.org\/wp-content\/uploads\/2025\/02\/474756991_491161340680778_6016545019491282636_n-300x300.jpg 300w, https:\/\/vnsfemaleassociation.org\/wp-content\/uploads\/2025\/02\/474756991_491161340680778_6016545019491282636_n-150x150.jpg 150w, https:\/\/vnsfemaleassociation.org\/wp-content\/uploads\/2025\/02\/474756991_491161340680778_6016545019491282636_n-768x768.jpg 768w, https:\/\/vnsfemaleassociation.org\/wp-content\/uploads\/2025\/02\/474756991_491161340680778_6016545019491282636_n-12x12.jpg 12w, https:\/\/vnsfemaleassociation.org\/wp-content\/uploads\/2025\/02\/474756991_491161340680778_6016545019491282636_n.jpg 1280w\" sizes=\"auto, (max-width: 1024px) 100vw, 1024px\" \/><\/div><\/figure>\n\n\n\n<p class=\"kt-adv-heading3071_47d6a2-9d wp-block-kadence-advancedheading has-theme-palette-8-color has-text-color has-theme-palette-4-background-color has-background\" data-kb-block=\"kb-adv-heading3071_47d6a2-9d\">2.3K community group members<\/p>\n<\/div><\/div>\n\n<\/div><\/div><\/div><\/div>\n\n<\/div><\/div>\n\n<div class=\"kb-row-layout-wrap kb-row-layout-id3071_52ac22-cd alignfull kt-row-has-bg wp-block-kadence-rowlayout\"><div class=\"kt-row-column-wrap kt-has-2-columns kt-row-layout-row kt-tab-layout-inherit kt-mobile-layout-row kt-row-valign-top kb-theme-content-width\">\n\n<div class=\"wp-block-kadence-column kadence-column3071_a1c305-77\"><div class=\"kt-inside-inner-col\">\n<h2 class=\"kt-adv-heading3071_7af781-39 wp-block-kadence-advancedheading\" data-kb-block=\"kb-adv-heading3071_7af781-39\">SUCCESSFUL EVENTS<\/h2>\n\n\n<div class=\"kb-row-layout-wrap kb-row-layout-id3071_fa6428-1b alignnone wp-block-kadence-rowlayout\"><div class=\"kt-row-column-wrap kt-has-2-columns kt-row-layout-equal kt-tab-layout-inherit kt-mobile-layout-row kt-row-valign-top\">\n\n<div class=\"wp-block-kadence-column kadence-column3071_d4cbea-04 kvs-sm-false\"><div class=\"kt-inside-inner-col\">\n<figure class=\"wp-block-kadence-image kb-image3071_03736d-ff size-full kb-image-is-ratio-size\"><div class=\"kb-is-ratio-image kb-image-ratio-land43\"><img loading=\"lazy\" decoding=\"async\" width=\"1000\" height=\"1000\" src=\"https:\/\/vnsfemaleassociation.org\/wp-content\/uploads\/2025\/02\/469126639_455765990886980_5699766821837667370_n.jpg\" alt=\"\" class=\"kb-img wp-image-3545\" srcset=\"https:\/\/vnsfemaleassociation.org\/wp-content\/uploads\/2025\/02\/469126639_455765990886980_5699766821837667370_n.jpg 1000w, https:\/\/vnsfemaleassociation.org\/wp-content\/uploads\/2025\/02\/469126639_455765990886980_5699766821837667370_n-300x300.jpg 300w, https:\/\/vnsfemaleassociation.org\/wp-content\/uploads\/2025\/02\/469126639_455765990886980_5699766821837667370_n-150x150.jpg 150w, https:\/\/vnsfemaleassociation.org\/wp-content\/uploads\/2025\/02\/469126639_455765990886980_5699766821837667370_n-768x768.jpg 768w, https:\/\/vnsfemaleassociation.org\/wp-content\/uploads\/2025\/02\/469126639_455765990886980_5699766821837667370_n-12x12.jpg 12w\" sizes=\"auto, (max-width: 1000px) 100vw, 1000px\" \/><\/div><\/figure>\n<\/div><\/div>\n\n\n\n<div class=\"wp-block-kadence-column kadence-column3071_86d6fa-92\"><div class=\"kt-inside-inner-col\">\n<h5 class=\"kt-adv-heading3071_f68efd-b5 wp-block-kadence-advancedheading has-theme-palette-9-color has-text-color\" data-kb-block=\"kb-adv-heading3071_f68efd-b5\"><strong>SEASON 1 \u2013 VFSA HIGH SCHOOL<\/strong><\/h5>\n\n\n\n<p class=\"has-contrast-light-color has-text-color has-link-color wp-elements-4f0be0110e2ff9e0e236a5eb0aa7ea85\" style=\"margin-right:var(--wp--preset--spacing--superbspacing-small);margin-left:var(--wp--preset--spacing--superbspacing-small)\">\u2013 Successfully organized the workshop \u201cExploring Australia with VSWA\u201d to connect female students across different countries, in collaboration with expert T\u1ed1ng Li\u00ean Anh from the Ministry of Education and Training. <br>\u2013 Organized the fundraising event \u201cThe Pastry-Selling Doll,\u201d which was featured on national television <a href=\"https:\/\/www.youtube.com\/watch?v=_aNVetzFbuU\" data-type=\"link\" data-id=\"https:\/\/www.youtube.com\/watch?v=_aNVetzFbuU\">VTC1<\/a> and covered by various media outlets. <br>\u2013 Donated 16 million VND in cash and 100 kilograms of charitable goods\u2014including clothing, books, stuffed animals, school supplies, etc.\u2014to children in northern mountainous provinces such as Y\u00ean B\u00e1i, Cao B\u1eb1ng, and others.<br>\u2013 Mobilized donations from 14 provinces and cities nationwide, with media ambassadors representing all three regions\u2014North, Central, and South Vietnam. <br>\u2013 Sold over 100 \u201cProtect\u2013Doll\u201d kits promoting safe sex and self-protection, raising 16 million VND for the long-term charity fund, \u201cLittle Galaxy.\u201d <br>\u2013 Organized small-scale charity activities such as distributing late-night meals and sending regular charitable donations. <br>\u2013 Reached a total of 25,000 followers across official social media platforms after just one season of operation.<br>\u2013 Received 400 membership applications nationwide and admitted 200 official members.<\/p>\n<\/div><\/div>\n\n<\/div><\/div><\/div><\/div>\n\n\n\n<div class=\"wp-block-kadence-column kadence-column3071_0ca125-2a\"><div class=\"kt-inside-inner-col\"><div class=\"kb-row-layout-wrap kb-row-layout-id3071_b37b28-a5 alignnone wp-block-kadence-rowlayout\"><div class=\"kt-row-column-wrap kt-has-2-columns kt-row-layout-equal kt-tab-layout-inherit kt-mobile-layout-row kt-row-valign-top\">\n\n<div class=\"wp-block-kadence-column kadence-column3071_8e5f6e-7c\"><div class=\"kt-inside-inner-col\">\n<h5 class=\"kt-adv-heading3071_d6368f-b3 wp-block-kadence-advancedheading has-theme-palette-9-color has-text-color\" data-kb-block=\"kb-adv-heading3071_d6368f-b3\"><strong>SEASON 2 \u2013 VFSA HIGH SCHOOL<\/strong><\/h5>\n\n\n\n<p class=\"has-contrast-light-color has-text-color has-link-color wp-elements-be296493f2f4d55471d540ccb10e8e59\" style=\"padding-right:var(--wp--preset--spacing--superbspacing-small);padding-left:var(--wp--preset--spacing--superbspacing-small)\">\u2013 Sold over 600 \u201cProtect\u2013Doll\u201d kits promoting safe sex and self-protection. All profits were donated to the \u0110\u1ed3i C\u1ed1c Fetal Cemetery and saved into the \u201cLittle Galaxy\u201d Humanity Fund, aiming toward the long-term goal of building shelters for young women who have experienced violence or unintended pregnancy, as well as for abandoned children born from such circumstances. <br>\u2013 Successfully organized the \u201cBreaking the Cocoon\u201d workshop on sexual education and self-protection, with a total of 200 participants.<br>\u2013 Made a mark with the annual fair \u201cCharm\u201d and the workshop \u201cWise-N-Wide\u201d on sustainable consumption, both of which were featured across various <a href=\"https:\/\/sohuutritue.net.vn\/wise-n-wide-dong-hanh-cung-nu-sinh-viet-vuon-canh-nhan-thuc-nang-niu-sac-dep-d245791.html\">newspapers.<\/a>. <br>\u2013 Donated 7 million VND to the \u0110\u1ed3i C\u1ed1c Cemetery for Unborn Babies.<br>\u2013 Received more than 300 membership applications nationwide and admitted 200 official members. <\/p>\n<\/div><\/div>\n\n\n\n<div class=\"wp-block-kadence-column kadence-column3071_e2eb03-7a kvs-sm-false\"><div class=\"kt-inside-inner-col\">\n<figure class=\"wp-block-kadence-image kb-image3071_fb107c-64 size-large kb-image-is-ratio-size\"><div class=\"kb-is-ratio-image kb-image-ratio-land43\"><img loading=\"lazy\" decoding=\"async\" width=\"1024\" height=\"1024\" src=\"https:\/\/vnsfemaleassociation.org\/wp-content\/uploads\/2025\/02\/475163785_490586900738222_1199472017997030962_n-1024x1024.jpg\" alt=\"\" class=\"kb-img wp-image-3546\" srcset=\"https:\/\/vnsfemaleassociation.org\/wp-content\/uploads\/2025\/02\/475163785_490586900738222_1199472017997030962_n-1024x1024.jpg 1024w, https:\/\/vnsfemaleassociation.org\/wp-content\/uploads\/2025\/02\/475163785_490586900738222_1199472017997030962_n-300x300.jpg 300w, https:\/\/vnsfemaleassociation.org\/wp-content\/uploads\/2025\/02\/475163785_490586900738222_1199472017997030962_n-150x150.jpg 150w, https:\/\/vnsfemaleassociation.org\/wp-content\/uploads\/2025\/02\/475163785_490586900738222_1199472017997030962_n-768x768.jpg 768w, https:\/\/vnsfemaleassociation.org\/wp-content\/uploads\/2025\/02\/475163785_490586900738222_1199472017997030962_n-12x12.jpg 12w, https:\/\/vnsfemaleassociation.org\/wp-content\/uploads\/2025\/02\/475163785_490586900738222_1199472017997030962_n.jpg 1280w\" sizes=\"auto, (max-width: 1024px) 100vw, 1024px\" \/><\/div><\/figure>\n\n\n<div class=\"kb-row-layout-wrap kb-row-layout-id3071_75aa4f-f5 alignnone wp-block-kadence-rowlayout\"><div class=\"kt-row-column-wrap kt-has-1-columns kt-row-layout-equal kt-tab-layout-inherit kt-mobile-layout-row kt-row-valign-top\">\n\n<div class=\"wp-block-kadence-column kadence-column3071_25b9a9-32\"><div class=\"kt-inside-inner-col\"><\/div><\/div>\n\n<\/div><\/div><\/div><\/div>\n\n<\/div><\/div><\/div><\/div>\n\n\n\n<div class=\"wp-block-kadence-column kadence-column3071_7d84e3-85\"><div class=\"kt-inside-inner-col\"><div class=\"kb-row-layout-wrap kb-row-layout-id3071_09df51-40 alignnone wp-block-kadence-rowlayout\"><div class=\"kt-row-column-wrap kt-has-2-columns kt-row-layout-equal kt-tab-layout-inherit kt-mobile-layout-row kt-row-valign-top\">\n\n<div class=\"wp-block-kadence-column kadence-column3071_fb3606-35 kvs-sm-false\"><div class=\"kt-inside-inner-col\">\n<figure class=\"wp-block-kadence-image kb-image3071_afdbe7-3c size-full kb-image-is-ratio-size\"><div class=\"kb-is-ratio-image kb-image-ratio-land43\"><img loading=\"lazy\" decoding=\"async\" width=\"1024\" height=\"1024\" src=\"https:\/\/vnsfemaleassociation.org\/wp-content\/uploads\/2025\/07\/480245120_506682305795348_5580109718577353896_n-1-1024x1024.jpg\" alt=\"\" class=\"kb-img wp-image-3988\" srcset=\"https:\/\/vnsfemaleassociation.org\/wp-content\/uploads\/2025\/07\/480245120_506682305795348_5580109718577353896_n-1-1024x1024.jpg 1024w, https:\/\/vnsfemaleassociation.org\/wp-content\/uploads\/2025\/07\/480245120_506682305795348_5580109718577353896_n-1-300x300.jpg 300w, https:\/\/vnsfemaleassociation.org\/wp-content\/uploads\/2025\/07\/480245120_506682305795348_5580109718577353896_n-1-150x150.jpg 150w, https:\/\/vnsfemaleassociation.org\/wp-content\/uploads\/2025\/07\/480245120_506682305795348_5580109718577353896_n-1-768x768.jpg 768w, https:\/\/vnsfemaleassociation.org\/wp-content\/uploads\/2025\/07\/480245120_506682305795348_5580109718577353896_n-1-1536x1536.jpg 1536w, https:\/\/vnsfemaleassociation.org\/wp-content\/uploads\/2025\/07\/480245120_506682305795348_5580109718577353896_n-1-12x12.jpg 12w, https:\/\/vnsfemaleassociation.org\/wp-content\/uploads\/2025\/07\/480245120_506682305795348_5580109718577353896_n-1.jpg 2048w\" sizes=\"auto, (max-width: 1024px) 100vw, 1024px\" \/><\/div><\/figure>\n<\/div><\/div>\n\n\n\n<div class=\"wp-block-kadence-column kadence-column3071_6a6611-49\"><div class=\"kt-inside-inner-col\">\n<h5 class=\"kt-adv-heading3071_afdf4c-f5 wp-block-kadence-advancedheading has-theme-palette-9-color has-text-color\" data-kb-block=\"kb-adv-heading3071_afdf4c-f5\"><strong>SEASON 3 \u2013 VFSA High school<\/strong><br>SEASON 1 - VFSA COLLEGE<\/h5>\n\n\n\n<p class=\"has-contrast-light-color has-text-color has-link-color wp-elements-3e7c124650235a36f62bd179f4060017\" style=\"margin-right:var(--wp--preset--spacing--superbspacing-small);margin-left:var(--wp--preset--spacing--superbspacing-small)\">\u2013 Successfully organized the workshop \u201cIntertwine,\u201d part of the Harmony event series, aimed at helping young women understand the importance of reconnecting with their \u201cinner child\u201d and addressing psychological traumas rooted in childhood. The event was featured on <a href=\"https:\/\/laodong.vn\/ldt\/ket-noi\/quy-tu-thien-dac-biet-cua-nhom-nu-sinh-viet-1524439.ldo?fbclid=IwY2xjawLbRz9leHRuA2FlbQIxMABicmlkETFRdTByVlpNVW9aTHRkSlFuAR5q0fBxgxRVGn5gnzMC9lOXGOsEyVf1hhK1DISU8DXQz0LsqBGes3_zkNRicg_aem_Kg347b8h5GkPci2y-hiOaQ\">Lao Dong Newspaper<\/a>, <a href=\"https:\/\/depviet.net.vn\/su-kien-%E2%80%9Charmony%E2%80%9D-voi-chu-de-inner-child-dua-tre-ben-trong-139393\">Dep Viet Newspaper<\/a>, <a href=\"https:\/\/laodongthudo.vn\/giup-nu-sinh-viet-chia-se-nhung-van-de-ve-tam-ly-192344.html?fbclid=IwY2xjawLbR19leHRuA2FlbQIxMABicmlkETFRdTByVlpNVW9aTHRkSlFuAR5tCqSS_-RpiT_ho9etuE_fNsc1mMdGm-g5mjKuKu7NONwaESAhFC2EfxEk7w_aem_6lCZuvbgEvHt-eA2vHagnw\">Lao Dong Thu Do Newspaper<\/a>, <a href=\"https:\/\/baophunuthudo.vn\/giao-duc\/mang-luoi-nu-sinh-viet-thpt-giup-nu-sinh-chia-se-nhung-van-de-ve-tam-ly-142473.html\">Phu nu Thu do Newspaper<\/a>,&#8230;<br>\u2013 Launched online sales and the offline fair \u201cGlimpse\u201d as a pre-fundraising event within the Harmony series, raising 15 million VND.<br>\u2013 The Humanity Savings Fund reached 100 million VND after three seasons of operation.<br>\u2013 Reached a total of 45,000 followers across official social media platforms.<br>\u2013 100 official High School members and 100 official College members. <br>\u2013 The College branch successfully organized a Sex Education Talkshow, the \u201cWomen of Books\u201d event series, and a variety of other charitable programs. <\/p>\n<\/div><\/div>\n\n<\/div><\/div><\/div><\/div>\n\n<\/div><\/div>\n\n<div class=\"kb-row-layout-wrap kb-row-layout-id3071_351e02-77 alignfull has-theme-palette3-background-color kt-row-has-bg wp-block-kadence-rowlayout\" id=\"sponsorus\"><div class=\"kt-row-column-wrap kt-has-1-columns kt-row-layout-equal kt-tab-layout-inherit kt-mobile-layout-row kt-row-valign-middle kb-theme-content-width\">\n\n<div class=\"wp-block-kadence-column kadence-column3071_266262-16\" id=\"sponsor\"><div class=\"kt-inside-inner-col\">\n<h2 class=\"kt-adv-heading3071_4b52f9-26 wp-block-kadence-advancedheading\" data-kb-block=\"kb-adv-heading3071_4b52f9-26\">SPONSOR US<\/h2>\n\n\n\n<div class=\"kt-adv-heading3071_78e3de-9e wp-block-kadence-advancedheading\" data-kb-block=\"kb-adv-heading3071_78e3de-9e\"><strong>To learn more about our sponsorship packages and benefits, please contact us directly via:<\/strong><\/div>\n\n\n\n<div class=\"wp-block-columns is-layout-flex wp-container-core-columns-is-layout-28f84493 wp-block-columns-is-layout-flex\">\n<div class=\"wp-block-column is-layout-flow wp-block-column-is-layout-flow\">\n<p class=\"has-text-align-left has-text-color has-link-color wp-elements-4b0f5165ee870194a34f935f21e8db73\" style=\"color:#ff4aa1;margin-right:var(--wp--preset--spacing--superbspacing-xsmall);margin-left:var(--wp--preset--spacing--superbspacing-xsmall)\"><strong>VFSA \u2013 COLLEGE <\/strong><\/p>\n\n\n\n<blockquote class=\"wp-block-quote is-style-plain is-layout-flow wp-block-quote-is-layout-flow\">\n<p style=\"margin-right:var(--wp--preset--spacing--superbspacing-xsmall);margin-left:var(--wp--preset--spacing--superbspacing-xsmall);padding-right:0;padding-left:0\"><a href=\"https:\/\/www.facebook.com\/vnsfemaleassociationcollege\">Facebook<\/a><\/p>\n\n\n\n<p style=\"margin-right:var(--wp--preset--spacing--superbspacing-xsmall);margin-left:var(--wp--preset--spacing--superbspacing-xsmall);padding-right:0;padding-left:0\"><a href=\"https:\/\/www.instagram.com\/vfsa_college\/\">Instagram<\/a><\/p>\n\n\n\n<p class=\"has-text-color has-link-color wp-elements-ba2c2e07097834f1c45110f24b669373\" style=\"color:#3194cd;margin-right:var(--wp--preset--spacing--superbspacing-xsmall);margin-left:var(--wp--preset--spacing--superbspacing-xsmall);padding-right:0;padding-left:0\">uni.vnsfemaleassociation@gmail.com<\/p>\n<\/blockquote>\n<\/div>\n\n\n\n<div class=\"wp-block-column is-layout-flow wp-block-column-is-layout-flow\">\n<p class=\"has-text-color has-link-color wp-elements-b414d86c76787d05cb5d2b75cfb1c4ee\" style=\"color:#ff5882;margin-right:var(--wp--preset--spacing--superbspacing-xsmall);margin-left:var(--wp--preset--spacing--superbspacing-xsmall)\"><strong>VFSA \u2013 HIGH SCHOOL<\/strong><\/p>\n\n\n\n<blockquote class=\"wp-block-quote is-style-plain is-layout-flow wp-block-quote-is-layout-flow\">\n<p style=\"margin-right:var(--wp--preset--spacing--superbspacing-xsmall);margin-left:var(--wp--preset--spacing--superbspacing-xsmall)\"><a href=\"https:\/\/www.facebook.com\/vnsfemaleassociationhighschool\">Facebook<\/a><\/p>\n\n\n\n<p style=\"margin-right:var(--wp--preset--spacing--superbspacing-xsmall);margin-left:var(--wp--preset--spacing--superbspacing-xsmall)\"><a href=\"https:\/\/www.instagram.com\/vfsa_highschool\/\">Instagram<\/a><\/p>\n\n\n\n<p class=\"has-text-color has-link-color wp-elements-974450ae84a696ca08665bc2b552440d\" style=\"color:#3091c9;margin-right:var(--wp--preset--spacing--superbspacing-xsmall);margin-left:var(--wp--preset--spacing--superbspacing-xsmall)\">vns.femaleassociation@gmail.com<\/p>\n<\/blockquote>\n<\/div>\n<\/div>\n<\/div><\/div>\n\n<\/div><\/div>","protected":false},"excerpt":{"rendered":"<p>TH\u00c0NH T\u1ef0U Truy\u1ec1n th\u00f4ng Trong h\u01a1n 2 n\u0103m ho\u1ea1t \u0111\u1ed9ng, Vietnamese Female Students Association &#8211; High School \u0111\u00e3 x\u00e2y d\u1ef1ng \u0111\u01b0\u1ee3c cho m\u00ecnh c\u1ed9ng \u0111\u1ed3ng ng\u01b0\u1eddi \u1ee7ng h\u1ed9 \u0111\u00f4ng \u0111\u1ea3o: 45k+ theo d\u00f5i tr\u00ean Facebook, Tiktok, Instagram \u0110\u1ea1i s\u1ee9 truy\u1ec1n th\u00f4ng 3 mi\u1ec1n B\u1eafc, Trung, Nam S\u1edf h\u1eefu nh\u00f3m c\u1ed9ng \u0111\u1ed3ng 2.3k th\u00e0nh vi\u00ean C\u00c1C [&hellip;]<\/p>","protected":false},"author":3,"featured_media":0,"parent":0,"menu_order":0,"comment_status":"closed","ping_status":"closed","template":"","meta":{"footnotes":""},"class_list":["post-3071","page","type-page","status-publish","hentry"],"_links":{"self":[{"href":"https:\/\/vnsfemaleassociation.org\/en\/wp-json\/wp\/v2\/pages\/3071","targetHints":{"allow":["GET"]}}],"collection":[{"href":"https:\/\/vnsfemaleassociation.org\/en\/wp-json\/wp\/v2\/pages"}],"about":[{"href":"https:\/\/vnsfemaleassociation.org\/en\/wp-json\/wp\/v2\/types\/page"}],"author":[{"embeddable":true,"href":"https:\/\/vnsfemaleassociation.org\/en\/wp-json\/wp\/v2\/users\/3"}],"replies":[{"embeddable":true,"href":"https:\/\/vnsfemaleassociation.org\/en\/wp-json\/wp\/v2\/comments?post=3071"}],"version-history":[{"count":53,"href":"https:\/\/vnsfemaleassociation.org\/en\/wp-json\/wp\/v2\/pages\/3071\/revisions"}],"predecessor-version":[{"id":4519,"href":"https:\/\/vnsfemaleassociation.org\/en\/wp-json\/wp\/v2\/pages\/3071\/revisions\/4519"}],"wp:attachment":[{"href":"https:\/\/vnsfemaleassociation.org\/en\/wp-json\/wp\/v2\/media?parent=3071"}],"curies":[{"name":"wp","href":"https:\/\/api.w.org\/{rel}","templated":true}]}}